{"id":858,"date":"2017-10-23T09:18:45","date_gmt":"2017-10-23T09:18:45","guid":{"rendered":"http:\/\/demo.zozothemes.com\/induzy\/?page_id=858"},"modified":"2017-10-23T09:18:45","modified_gmt":"2017-10-23T09:18:45","slug":"blog-grid","status":"publish","type":"page","link":"https:\/\/kalegalvaniz.com\/index.php\/blog-grid\/","title":{"rendered":"Blog Grid"},"content":{"rendered":"<div class=\"wpb-content-wrapper\"><p>[vc_row css=&#8221;.vc_custom_1508750640220{padding-top: 0px !important;padding-bottom: 0px !important;}&#8221;][vc_column]<div class=\"blog-wrapper blog-style-2 blog-light\" data-css=\"&quot;&quot;\"><div class=\"row\"><div class=\"col-lg-6 col-md-6\"><div class=\"blog-inner\"><div class=\"entry-title\"><h3><a href=\"https:\/\/kalegalvaniz.com\/index.php\/2024\/07\/15\/galvanizleme-yontemleri\/\" class=\"post-title\">Galvanizleme Y\u00f6ntemleri<\/a><\/h3><\/div><!-- .entry-title --><div class=\"post-excerpt\"><p>Galvanizin Avantajlar\u0131 Kullan\u0131m Alanlar\u0131 Galvaniz Bak\u0131m\u0131 Galvanizli y\u00fczeylerin bak\u0131m gereksinimi d\u00fc\u015f\u00fckt\u00fcr,<\/p>\n<\/div><!-- .post-excerpt --><div class=\"bottom-meta clearfix\"><ul class=\"bottom-meta-list\"><li><div class=\"post-more\"><a class=\"read-more\" href=\"https:\/\/kalegalvaniz.com\/index.php\/2024\/07\/15\/galvanizleme-yontemleri\/\">Read More<\/a><\/div><\/li><\/ul><\/div><\/div><!-- .blog-inner --><\/div><!-- .cols --><\/div><!-- .row --><\/div><!-- .blog-wrapper -->[\/vc_column][\/vc_row]<\/p>\n<\/div>","protected":false},"excerpt":{"rendered":"<p>[vc_row css=&#8221;.vc_custom_1508750640220{padding-top: 0px !important;padding-bottom: 0px !important;}&#8221;][vc_column][\/vc_column][\/vc_row]<\/p>\n","protected":false},"author":1,"featured_media":0,"parent":0,"menu_order":0,"comment_status":"closed","ping_status":"closed","template":"","meta":{"footnotes":""},"class_list":["post-858","page","type-page","status-publish","hentry"],"_links":{"self":[{"href":"https:\/\/kalegalvaniz.com\/index.php\/wp-json\/wp\/v2\/pages\/858","targetHints":{"allow":["GET"]}}],"collection":[{"href":"https:\/\/kalegalvaniz.com\/index.php\/wp-json\/wp\/v2\/pages"}],"about":[{"href":"https:\/\/kalegalvaniz.com\/index.php\/wp-json\/wp\/v2\/types\/page"}],"author":[{"embeddable":true,"href":"https:\/\/kalegalvaniz.com\/index.php\/wp-json\/wp\/v2\/users\/1"}],"replies":[{"embeddable":true,"href":"https:\/\/kalegalvaniz.com\/index.php\/wp-json\/wp\/v2\/comments?post=858"}],"version-history":[{"count":0,"href":"https:\/\/kalegalvaniz.com\/index.php\/wp-json\/wp\/v2\/pages\/858\/revisions"}],"wp:attachment":[{"href":"https:\/\/kalegalvaniz.com\/index.php\/wp-json\/wp\/v2\/media?parent=858"}],"curies":[{"name":"wp","href":"https:\/\/api.w.org\/{rel}","templated":true}]}}