{"id":703,"date":"2017-10-14T13:15:40","date_gmt":"2017-10-14T13:15:40","guid":{"rendered":"http:\/\/demo.zozothemes.com\/induzy\/?page_id=703"},"modified":"2024-07-06T21:01:19","modified_gmt":"2024-07-06T18:01:19","slug":"our-services","status":"publish","type":"page","link":"https:\/\/kalegalvaniz.com\/index.php\/our-services\/","title":{"rendered":"Our Services"},"content":{"rendered":"<div class=\"wpb-content-wrapper\"><p>[vc_row css=&#8221;.vc_custom_1524223510012{padding-top: 0px !important;padding-bottom: 0px !important;}&#8221;][vc_column]<div class=\"services-wrapper services-1 services-light\" data-css=\"&quot;&quot;\"><div class=\"row\"><div class=\"col-lg-6 col-md-6\"><div class=\"services-inner\"><div class=\"services-thumb\"><img loading=\"lazy\" decoding=\"async\" width=\"768\" height=\"456\" src=\"https:\/\/kalegalvaniz.com\/wp-content\/uploads\/2024\/07\/WhatsApp-Image-2024-07-03-at-10.43.10-768x456.jpeg\" class=\"img-fluid m-auto wp-post-image\" alt=\"\" srcset=\"https:\/\/kalegalvaniz.com\/wp-content\/uploads\/2024\/07\/WhatsApp-Image-2024-07-03-at-10.43.10-768x456.jpeg 768w, https:\/\/kalegalvaniz.com\/wp-content\/uploads\/2024\/07\/WhatsApp-Image-2024-07-03-at-10.43.10-1170x694.jpeg 1170w, https:\/\/kalegalvaniz.com\/wp-content\/uploads\/2024\/07\/WhatsApp-Image-2024-07-03-at-10.43.10-440x260.jpeg 440w, https:\/\/kalegalvaniz.com\/wp-content\/uploads\/2024\/07\/WhatsApp-Image-2024-07-03-at-10.43.10-390x231.jpeg 390w, https:\/\/kalegalvaniz.com\/wp-content\/uploads\/2024\/07\/WhatsApp-Image-2024-07-03-at-10.43.10-220x130.jpeg 220w\" sizes=\"auto, (max-width: 768px) 100vw, 768px\" \/><\/div><!-- .services-thumb --><div class=\"services-title\"><h4><a href=\"https:\/\/kalegalvaniz.com\/index.php\/service\/sicak-daldirma\/\" class=\"entry-title\">S\u0131cak Dald\u0131rma<\/a><\/h4><\/div><!-- .services-title --><div class=\"services-excerpt\"><p>[vc_row css=&#8221;.vc_custom_1524199294833{padding-top: 0px !important;padding-bottom: 40px !important;}&#8221;][vc_column][vc_column_text] 1,55 m uzunluk x 85 cm geni\u015flik x 160 cm derinli\u011fi olan S\u0131cak Dald\u0131rma Galvanizleme oca\u011f\u0131m\u0131zla,<\/p>\n<\/div><!-- .services-excerpt --><div class=\"services-read-more\"><a href=\"https:\/\/kalegalvaniz.com\/index.php\/service\/sicak-daldirma\/\" class=\"read-more\">Devam\u0131 ,, \u00bb<\/a><\/div><!-- .services-read-more --><\/div><!-- .services-inner --><\/div><!-- .cols --><div class=\"col-lg-6 col-md-6\"><div class=\"services-inner\"><div class=\"services-thumb\"><img loading=\"lazy\" decoding=\"async\" width=\"768\" height=\"456\" src=\"https:\/\/kalegalvaniz.com\/wp-content\/uploads\/2024\/07\/WhatsApp-Image-2024-07-03-at-10.43.14-8-768x456.jpeg\" class=\"img-fluid m-auto wp-post-image\" alt=\"\" srcset=\"https:\/\/kalegalvaniz.com\/wp-content\/uploads\/2024\/07\/WhatsApp-Image-2024-07-03-at-10.43.14-8-768x456.jpeg 768w, https:\/\/kalegalvaniz.com\/wp-content\/uploads\/2024\/07\/WhatsApp-Image-2024-07-03-at-10.43.14-8-1170x694.jpeg 1170w, https:\/\/kalegalvaniz.com\/wp-content\/uploads\/2024\/07\/WhatsApp-Image-2024-07-03-at-10.43.14-8-440x260.jpeg 440w, https:\/\/kalegalvaniz.com\/wp-content\/uploads\/2024\/07\/WhatsApp-Image-2024-07-03-at-10.43.14-8-390x231.jpeg 390w, https:\/\/kalegalvaniz.com\/wp-content\/uploads\/2024\/07\/WhatsApp-Image-2024-07-03-at-10.43.14-8-220x130.jpeg 220w\" sizes=\"auto, (max-width: 768px) 100vw, 768px\" \/><\/div><!-- .services-thumb --><div class=\"services-title\"><h4><a href=\"https:\/\/kalegalvaniz.com\/index.php\/service\/sicakdaldirmagalvaniz\/\" class=\"entry-title\">S\u0131cak Dald\u0131rma<\/a><\/h4><\/div><!-- .services-title --><div class=\"services-excerpt\"><p>[vc_row css=&#8221;.vc_custom_1524199294833{padding-top: 0px !important;padding-bottom: 40px !important;}&#8221;][vc_column][vc_column_text] Ayr\u0131ca daha k\u00fc\u00e7\u00fck malzemeler i\u00e7in Santrif\u00fcj (y\u00fcksek \u0131s\u0131) kaplamam\u0131zda mevcuttur. Oca\u011f\u0131m\u0131z 75 cm \u00e7ap\u0131nda ve derinli\u011fi<\/p>\n<\/div><!-- .services-excerpt --><div class=\"services-read-more\"><a href=\"https:\/\/kalegalvaniz.com\/index.php\/service\/sicakdaldirmagalvaniz\/\" class=\"read-more\">Devam\u0131 ,, \u00bb<\/a><\/div><!-- .services-read-more --><\/div><!-- .services-inner --><\/div><!-- .cols --><\/div><!-- .row --><div class=\"row\"><div class=\"col-lg-6 col-md-6\"><div class=\"services-inner\"><div class=\"services-thumb\"><img loading=\"lazy\" decoding=\"async\" width=\"768\" height=\"456\" src=\"https:\/\/kalegalvaniz.com\/wp-content\/uploads\/2024\/07\/WhatsApp-Image-2024-07-03-at-10.43.11-768x456.jpeg\" class=\"img-fluid m-auto wp-post-image\" alt=\"\" srcset=\"https:\/\/kalegalvaniz.com\/wp-content\/uploads\/2024\/07\/WhatsApp-Image-2024-07-03-at-10.43.11-768x456.jpeg 768w, https:\/\/kalegalvaniz.com\/wp-content\/uploads\/2024\/07\/WhatsApp-Image-2024-07-03-at-10.43.11-1170x694.jpeg 1170w, https:\/\/kalegalvaniz.com\/wp-content\/uploads\/2024\/07\/WhatsApp-Image-2024-07-03-at-10.43.11-440x260.jpeg 440w, https:\/\/kalegalvaniz.com\/wp-content\/uploads\/2024\/07\/WhatsApp-Image-2024-07-03-at-10.43.11-390x231.jpeg 390w, https:\/\/kalegalvaniz.com\/wp-content\/uploads\/2024\/07\/WhatsApp-Image-2024-07-03-at-10.43.11-220x130.jpeg 220w\" sizes=\"auto, (max-width: 768px) 100vw, 768px\" \/><\/div><!-- .services-thumb --><div class=\"services-title\"><h4><a href=\"https:\/\/kalegalvaniz.com\/index.php\/service\/sicakdalrima1\/\" class=\"entry-title\">S\u0131cak Dald\u0131rma<\/a><\/h4><\/div><!-- .services-title --><div class=\"services-excerpt\"><p>[vc_row css=&#8221;.vc_custom_1524199294833{padding-top: 0px !important;padding-bottom: 40px !important;}&#8221;][vc_column][vc_column_text] &nbsp; Financial services sites are absolutely competitive. They are really trying to drive people online. The<\/p>\n<\/div><!-- .services-excerpt --><div class=\"services-read-more\"><a href=\"https:\/\/kalegalvaniz.com\/index.php\/service\/sicakdalrima1\/\" class=\"read-more\">Devam\u0131 ,, \u00bb<\/a><\/div><!-- .services-read-more --><\/div><!-- .services-inner --><\/div><!-- .cols --><div class=\"col-lg-6 col-md-6\"><div class=\"services-inner\"><div class=\"services-thumb\"><img loading=\"lazy\" decoding=\"async\" width=\"768\" height=\"456\" src=\"https:\/\/kalegalvaniz.com\/wp-content\/uploads\/2024\/07\/WhatsApp-Image-2024-07-03-at-10.43.14-6-768x456.jpeg\" class=\"img-fluid m-auto wp-post-image\" alt=\"\" srcset=\"https:\/\/kalegalvaniz.com\/wp-content\/uploads\/2024\/07\/WhatsApp-Image-2024-07-03-at-10.43.14-6-768x456.jpeg 768w, https:\/\/kalegalvaniz.com\/wp-content\/uploads\/2024\/07\/WhatsApp-Image-2024-07-03-at-10.43.14-6-1170x694.jpeg 1170w, https:\/\/kalegalvaniz.com\/wp-content\/uploads\/2024\/07\/WhatsApp-Image-2024-07-03-at-10.43.14-6-440x260.jpeg 440w, https:\/\/kalegalvaniz.com\/wp-content\/uploads\/2024\/07\/WhatsApp-Image-2024-07-03-at-10.43.14-6-390x231.jpeg 390w, https:\/\/kalegalvaniz.com\/wp-content\/uploads\/2024\/07\/WhatsApp-Image-2024-07-03-at-10.43.14-6-220x130.jpeg 220w\" sizes=\"auto, (max-width: 768px) 100vw, 768px\" \/><\/div><!-- .services-thumb --><div class=\"services-title\"><h4><a href=\"https:\/\/kalegalvaniz.com\/index.php\/service\/sicakdaldirma2\/\" class=\"entry-title\">S\u0131cak Dald\u0131rma<\/a><\/h4><\/div><!-- .services-title --><div class=\"services-excerpt\"><p>[vc_row css=&#8221;.vc_custom_1524199294833{padding-top: 0px !important;padding-bottom: 40px !important;}&#8221;][vc_column][vc_column_text] &nbsp; All of our planners believe that everyone, rich or not so rich, deserves great financial<\/p>\n<\/div><!-- .services-excerpt --><div class=\"services-read-more\"><a href=\"https:\/\/kalegalvaniz.com\/index.php\/service\/sicakdaldirma2\/\" class=\"read-more\">Devam\u0131 ,, \u00bb<\/a><\/div><!-- .services-read-more --><\/div><!-- .services-inner --><\/div><!-- .cols --><\/div><!-- .row --><div class=\"row\"><div class=\"col-lg-6 col-md-6\"><div class=\"services-inner\"><div class=\"services-thumb\"><img loading=\"lazy\" decoding=\"async\" width=\"768\" height=\"456\" src=\"https:\/\/kalegalvaniz.com\/wp-content\/uploads\/2017\/11\/WhatsApp-Image-2024-07-03-at-10.44.20-768x456.jpeg\" class=\"img-fluid m-auto wp-post-image\" alt=\"\" srcset=\"https:\/\/kalegalvaniz.com\/wp-content\/uploads\/2017\/11\/WhatsApp-Image-2024-07-03-at-10.44.20-768x456.jpeg 768w, https:\/\/kalegalvaniz.com\/wp-content\/uploads\/2017\/11\/WhatsApp-Image-2024-07-03-at-10.44.20-1170x694.jpeg 1170w, https:\/\/kalegalvaniz.com\/wp-content\/uploads\/2017\/11\/WhatsApp-Image-2024-07-03-at-10.44.20-440x260.jpeg 440w, https:\/\/kalegalvaniz.com\/wp-content\/uploads\/2017\/11\/WhatsApp-Image-2024-07-03-at-10.44.20-390x231.jpeg 390w, https:\/\/kalegalvaniz.com\/wp-content\/uploads\/2017\/11\/WhatsApp-Image-2024-07-03-at-10.44.20-220x130.jpeg 220w\" sizes=\"auto, (max-width: 768px) 100vw, 768px\" \/><\/div><!-- .services-thumb --><div class=\"services-title\"><h4><a href=\"https:\/\/kalegalvaniz.com\/index.php\/service\/santrifuj-kaplama1\/\" class=\"entry-title\">Santrif\u00fcj Kaplama<\/a><\/h4><\/div><!-- .services-title --><div class=\"services-excerpt\"><p>[vc_row css=&#8221;.vc_custom_1524199294833{padding-top: 0px !important;padding-bottom: 40px !important;}&#8221;][vc_column][vc_column_text] &nbsp; All of our planners believe that everyone, rich or not so rich, deserves great financial<\/p>\n<\/div><!-- .services-excerpt --><div class=\"services-read-more\"><a href=\"https:\/\/kalegalvaniz.com\/index.php\/service\/santrifuj-kaplama1\/\" class=\"read-more\">Devam\u0131 ,, \u00bb<\/a><\/div><!-- .services-read-more --><\/div><!-- .services-inner --><\/div><!-- .cols --><div class=\"col-lg-6 col-md-6\"><div class=\"services-inner\"><div class=\"services-thumb\"><img loading=\"lazy\" decoding=\"async\" width=\"768\" height=\"456\" src=\"https:\/\/kalegalvaniz.com\/wp-content\/uploads\/2017\/11\/WhatsApp-Image-2024-07-03-at-10.44.20-2-768x456.jpeg\" class=\"img-fluid m-auto wp-post-image\" alt=\"\" srcset=\"https:\/\/kalegalvaniz.com\/wp-content\/uploads\/2017\/11\/WhatsApp-Image-2024-07-03-at-10.44.20-2-768x456.jpeg 768w, https:\/\/kalegalvaniz.com\/wp-content\/uploads\/2017\/11\/WhatsApp-Image-2024-07-03-at-10.44.20-2-1170x694.jpeg 1170w, https:\/\/kalegalvaniz.com\/wp-content\/uploads\/2017\/11\/WhatsApp-Image-2024-07-03-at-10.44.20-2-440x260.jpeg 440w, https:\/\/kalegalvaniz.com\/wp-content\/uploads\/2017\/11\/WhatsApp-Image-2024-07-03-at-10.44.20-2-390x231.jpeg 390w, https:\/\/kalegalvaniz.com\/wp-content\/uploads\/2017\/11\/WhatsApp-Image-2024-07-03-at-10.44.20-2-220x130.jpeg 220w\" sizes=\"auto, (max-width: 768px) 100vw, 768px\" \/><\/div><!-- .services-thumb --><div class=\"services-title\"><h4><a href=\"https:\/\/kalegalvaniz.com\/index.php\/service\/santrifuj-kaplama2\/\" class=\"entry-title\">Santrif\u00fcj Kaplama<\/a><\/h4><\/div><!-- .services-title --><div class=\"services-excerpt\"><p>[vc_row css=&#8221;.vc_custom_1524199294833{padding-top: 0px !important;padding-bottom: 40px !important;}&#8221;][vc_column][vc_column_text] &nbsp; All of our planners believe that everyone, rich or not so rich, deserves great financial<\/p>\n<\/div><!-- .services-excerpt --><div class=\"services-read-more\"><a href=\"https:\/\/kalegalvaniz.com\/index.php\/service\/santrifuj-kaplama2\/\" class=\"read-more\">Devam\u0131 ,, \u00bb<\/a><\/div><!-- .services-read-more --><\/div><!-- .services-inner --><\/div><!-- .cols --><\/div><!-- .row --><\/div><!-- .services-wrapper -->[\/vc_column][\/vc_row]<\/p>\n<\/div>","protected":false},"excerpt":{"rendered":"<p>[vc_row css=&#8221;.vc_custom_1524223510012{padding-top: 0px !important;padding-bottom: 0px !important;}&#8221;][vc_column][\/vc_column][\/vc_row]<\/p>\n","protected":false},"author":1,"featured_media":0,"parent":0,"menu_order":0,"comment_status":"closed","ping_status":"closed","template":"","meta":{"footnotes":""},"class_list":["post-703","page","type-page","status-publish","hentry"],"_links":{"self":[{"href":"https:\/\/kalegalvaniz.com\/index.php\/wp-json\/wp\/v2\/pages\/703","targetHints":{"allow":["GET"]}}],"collection":[{"href":"https:\/\/kalegalvaniz.com\/index.php\/wp-json\/wp\/v2\/pages"}],"about":[{"href":"https:\/\/kalegalvaniz.com\/index.php\/wp-json\/wp\/v2\/types\/page"}],"author":[{"embeddable":true,"href":"https:\/\/kalegalvaniz.com\/index.php\/wp-json\/wp\/v2\/users\/1"}],"replies":[{"embeddable":true,"href":"https:\/\/kalegalvaniz.com\/index.php\/wp-json\/wp\/v2\/comments?post=703"}],"version-history":[{"count":1,"href":"https:\/\/kalegalvaniz.com\/index.php\/wp-json\/wp\/v2\/pages\/703\/revisions"}],"predecessor-version":[{"id":3359,"href":"https:\/\/kalegalvaniz.com\/index.php\/wp-json\/wp\/v2\/pages\/703\/revisions\/3359"}],"wp:attachment":[{"href":"https:\/\/kalegalvaniz.com\/index.php\/wp-json\/wp\/v2\/media?parent=703"}],"curies":[{"name":"wp","href":"https:\/\/api.w.org\/{rel}","templated":true}]}}