{"id":458,"date":"2017-10-09T13:13:37","date_gmt":"2017-10-09T13:13:37","guid":{"rendered":"http:\/\/demo.zozothemes.com\/induzy\/?page_id=458"},"modified":"2025-12-18T12:15:12","modified_gmt":"2025-12-18T09:15:12","slug":"about-us","status":"publish","type":"page","link":"https:\/\/kalegalvaniz.com\/index.php\/about-us\/","title":{"rendered":"About Us"},"content":{"rendered":"<div class=\"wpb-content-wrapper\"><p>[vc_row][vc_column offset=&#8221;vc_col-lg-6 vc_col-md-6&#8243;]<div class=\"section-title-wrapper shortcode-rand-1 induzy-inline-css\" data-css=\"&quot;.shortcode-rand-1 .title-separator.separator-border { background-color: ; }.shortcode-rand-1 .section-title { text-transform: none; }&quot;\"><div class=\"title-wrap\"><h2 class=\"section-title\">Hakk\u0131m\u0131zda<\/h2><span class=\"title-separator separator-border theme-color-bg\"><\/span><\/div><!-- .title-wrap --><div class=\"section-description\"><\/p>\n<p><strong>V\u0130YZON<\/strong><\/p>\n<p>Kale Galvaniz, s\u00fcrekli geli\u015fmeyi ve iyile\u015ftirmeyi, m\u00fc\u015fteri memnuniyetini, kaliteyi esas alan bir y\u00f6netim anlay\u0131\u015fla sekt\u00f6r\u00fcnde \u00f6nc\u00fc kurulu\u015flar aras\u0131nda olmay\u0131 kendine &#8220;V\u0130ZYON &#8221; edinmi\u015ftir.<\/p>\n<p><strong>\u00a0<\/strong><\/p>\n<p><strong>M\u0130SYON<\/strong><\/p>\n<p>Kale Galvaniz, kaliteli hizmet anlay\u0131\u015f\u0131yla, m\u00fc\u015fterilerinin beklentileri esas alan, etkin ve verimli kaynak kullan\u0131m\u0131 ile m\u00fc\u015fterilerinin memnuniyetini ve insana de\u011fer veren s\u00fcrekli iyile\u015ftirme ile \u00e7al\u0131\u015fanlar\u0131n\u0131n memnuniyetini hedefleyen bir misyona sahiptir.<\/p>\n<p>&nbsp;<\/p>\n<p><strong>KALE GALVAN\u0130Z\u00a0 ENERJ\u0130 SAN. VE T\u0130C. LTD. \u015eT\u0130. <\/strong><\/p>\n<p>&nbsp;<\/p>\n<ul>\n<li>M\u00fc\u015fterileri \u015fartlar\u0131na uygun olarak Zaman, Kalite Ve Maliyet Beklentilerini Kar\u015f\u0131layarak Memnuniyetlerini Sa\u011flamay\u0131,<\/li>\n<li>S\u00fcrekli e\u011fitim yolu ile \u00e7al\u0131\u015fanlar\u0131n bireysel katk\u0131lar\u0131n\u0131 ve verimliliklerini artt\u0131rmay\u0131,<\/li>\n<li>\u015eirketimizin ba\u015far\u0131s\u0131n\u0131 ve \u00fcr\u00fcnlerimizin kalitesini etkileyen t\u00fcm s\u00fcre\u00e7lerde hatalar\u0131 olu\u015fmadan \u00f6nleyerek ve yapt\u0131\u011f\u0131m\u0131z hatalar\u0131n tekrarlanmamas\u0131 i\u00e7in tedbirler alarak Kalite Y\u00f6netim Sistemimizi s\u00fcrekli iyile\u015ftirmeyi,<\/li>\n<li>Kalitenin ula\u015f\u0131lmas\u0131 gereken bir hedef yerine devaml\u0131 geli\u015fme ve yat\u0131r\u0131m oldu\u011funa inanmay\u0131,<\/li>\n<li>Sekt\u00f6re dair teknolojik yeniliklerin takip\u00e7isi olmay\u0131, sekt\u00f6r\u00fcnde yeniliklerle \u00f6nc\u00fc olmay\u0131,<\/li>\n<li>\u0130nsana de\u011fer veren, g\u00fcvenilir, d\u00fcr\u00fcst, disiplinli ve istikrarl\u0131 olmay\u0131,<\/li>\n<li>M\u00fc\u015fteri odakl\u0131 olmay\u0131, t\u00fcm \u00e7al\u0131\u015fanlar\u0131n kat\u0131l\u0131m\u0131yla sistemi s\u00fcrekli iyile\u015ftiren, faaliyet alan\u0131n\u0131 rekabet ko\u015fullar\u0131na uyumlu olarak geli\u015ftirerek, sekt\u00f6rde aran\u0131lan bir marka olmay\u0131,<\/li>\n<li>Yasal mevzuatlara uygun \u00e7al\u0131\u015fmay\u0131,<\/li>\n<\/ul>\n<p>&nbsp;<\/p>\n<p>&nbsp;<\/p>\n<p>TAAHH\u00dcT ETMEKTED\u0130R.<\/div><!-- .section-description --><\/div><!-- .section-title-wrapper --><div class=\"feature-box-wrapper feature-box-style-1 vc_custom_1720287885402 shortcode-rand-2 induzy-inline-css\" data-css=\"&quot;.shortcode-rand-2.feature-box-wrapper {background: -moz-linear-gradient(141deg,  0%,  51%,  75%);\\r\\n\\t\\t\\t\\tbackground: -webkit-linear-gradient(141deg,  0%,  51%,  75%);\\r\\n\\t\\t\\t\\tbackground: linear-gradient(141deg,  0%,  51%,  75%);}.shortcode-rand-2 .feature-box-icon { font-size: 24px; }.shortcode-rand-2 .feature-box-icon { height: 48px; width: 48px; }.shortcode-rand-2 .feature-box-icon &gt; span { line-height: 2; }.shortcode-rand-2:hover .feature-box-icon { background: none; }&quot;\" ><div class=\"feature-box-btn\"><a class=\"btn default\" href=\"http:\/\/kalegalvaniz.com\" title=\"H\u0130ZMETLER\u0130M\u0130Z\">H\u0130ZMETLER\u0130M\u0130Z<\/a><\/div><!-- .feature-box-btn --><\/div><!-- .feature-box-wrapper -->[\/vc_column][vc_column offset=&#8221;vc_col-lg-6 vc_col-md-6&#8243;][vc_single_image image=&#8221;3353&#8243; img_size=&#8221;full&#8221; css=&#8221;&#8221;][\/vc_column][\/vc_row][vc_row][vc_column]<div class=\"team-wrapper team-2 team-light\" data-css=\"&quot;&quot;\"><div class=\"owl-carousel\" data-loop=\"1\" data-margin=\"30\" data-center=\"0\" data-nav=\"0\" data-dots=\"1\" data-autoplay=\"1\" data-items=\"3\" data-items-tab=\"2\" data-items-mob=\"1\" data-duration=\"5000\" data-smartspeed=\"250\" data-scrollby=\"1\" data-autoheight=\"false\"><div class=\"item\"><div class=\"col-lg-12 col-md-12\"><div class=\"team-inner team-grid-wrap\"><div class=\"team-thumb\"><img loading=\"lazy\" decoding=\"async\" width=\"600\" height=\"600\" src=\"https:\/\/kalegalvaniz.com\/wp-content\/uploads\/2018\/07\/team.jpg\" class=\"img-fluid wp-post-image\" alt=\"\" \/><\/div><!-- .team-thumb --><div class=\"team-info\"><div class=\"team-name\"><p><a href=\"https:\/\/kalegalvaniz.com\/index.php\/team\/harry-jim\/\" class=\"client-name\">Harry Jim<\/a><\/p><\/div><!-- .team-name --><div class=\"team-designation\"><p>Developer<\/p><\/div><!-- .team-designation --><\/div><!-- .team-info --><div class=\"team-excerpt\"><p>Maecenas nec odio et ante tincidunt tempus. Donec vitae sapien ut libero venenatis.<\/p>\n<\/div><!-- .team-excerpt --><\/div><!-- .team-inner --><\/div><!-- .cols --><\/div><!-- .item --><div class=\"item\"><div class=\"col-lg-12 col-md-12\"><div class=\"team-inner team-grid-wrap\"><div class=\"team-thumb\"><img loading=\"lazy\" decoding=\"async\" width=\"600\" height=\"600\" src=\"https:\/\/kalegalvaniz.com\/wp-content\/uploads\/2017\/10\/team5-600x600-1.jpg\" class=\"img-fluid wp-post-image\" alt=\"\" \/><\/div><!-- .team-thumb --><div class=\"team-info\"><div class=\"team-name\"><p><a href=\"https:\/\/kalegalvaniz.com\/index.php\/team\/stacy-lloyd\/\" class=\"client-name\">Stacy Lloyd<\/a><\/p><\/div><!-- .team-name --><div class=\"team-designation\"><p>Web Designer<\/p><\/div><!-- .team-designation --><\/div><!-- .team-info --><div class=\"team-excerpt\"><p>Maecenas nec odio et ante tincidunt tempus. Donec vitae sapien ut libero venenatis.<\/p>\n<\/div><!-- .team-excerpt --><\/div><!-- .team-inner --><\/div><!-- .cols --><\/div><!-- .item --><div class=\"item\"><div class=\"col-lg-12 col-md-12\"><div class=\"team-inner team-grid-wrap\"><div class=\"team-thumb\"><img loading=\"lazy\" decoding=\"async\" width=\"600\" height=\"600\" src=\"https:\/\/kalegalvaniz.com\/wp-content\/uploads\/2017\/10\/team4-600x600-1.jpg\" class=\"img-fluid wp-post-image\" alt=\"\" \/><\/div><!-- .team-thumb --><div class=\"team-info\"><div class=\"team-name\"><p><a href=\"https:\/\/kalegalvaniz.com\/index.php\/team\/margaret-griffith\/\" class=\"client-name\">Margaret Griffith<\/a><\/p><\/div><!-- .team-name --><div class=\"team-designation\"><p>PR Manager<\/p><\/div><!-- .team-designation --><\/div><!-- .team-info --><div class=\"team-excerpt\"><p>Maecenas nec odio et ante tincidunt tempus. Donec vitae sapien ut libero venenatis.<\/p>\n<\/div><!-- .team-excerpt --><\/div><!-- .team-inner --><\/div><!-- .cols --><\/div><!-- .item --><div class=\"item\"><div class=\"col-lg-12 col-md-12\"><div class=\"team-inner team-grid-wrap\"><div class=\"team-thumb\"><img loading=\"lazy\" decoding=\"async\" width=\"600\" height=\"600\" src=\"https:\/\/kalegalvaniz.com\/wp-content\/uploads\/2017\/10\/team3-600x600-1.jpg\" class=\"img-fluid wp-post-image\" alt=\"\" \/><\/div><!-- .team-thumb --><div class=\"team-info\"><div class=\"team-name\"><p><a href=\"https:\/\/kalegalvaniz.com\/index.php\/team\/geoffrey-smith\/\" class=\"client-name\">Geoffrey Smith<\/a><\/p><\/div><!-- .team-name --><div class=\"team-designation\"><p>SEO Manager<\/p><\/div><!-- .team-designation --><\/div><!-- .team-info --><div class=\"team-excerpt\"><p>Maecenas nec odio et ante tincidunt tempus. Donec vitae sapien ut libero venenatis.<\/p>\n<\/div><!-- .team-excerpt --><\/div><!-- .team-inner --><\/div><!-- .cols --><\/div><!-- .item --><div class=\"item\"><div class=\"col-lg-12 col-md-12\"><div class=\"team-inner team-grid-wrap\"><div class=\"team-thumb\"><img loading=\"lazy\" decoding=\"async\" width=\"600\" height=\"600\" src=\"https:\/\/kalegalvaniz.com\/wp-content\/uploads\/2017\/10\/team2-600x600-1.jpg\" class=\"img-fluid wp-post-image\" alt=\"\" \/><\/div><!-- .team-thumb --><div class=\"team-info\"><div class=\"team-name\"><p><a href=\"https:\/\/kalegalvaniz.com\/index.php\/team\/andrew-fry\/\" class=\"client-name\">Andrew Fry<\/a><\/p><\/div><!-- .team-name --><div class=\"team-designation\"><p>CEO<\/p><\/div><!-- .team-designation --><\/div><!-- .team-info --><div class=\"team-excerpt\"><p>Maecenas nec odio et ante tincidunt tempus. Donec vitae sapien ut libero venenatis.<\/p>\n<\/div><!-- .team-excerpt --><\/div><!-- .team-inner --><\/div><!-- .cols --><\/div><!-- .item --><div class=\"item\"><div class=\"col-lg-12 col-md-12\"><div class=\"team-inner team-grid-wrap\"><div class=\"team-thumb\"><img loading=\"lazy\" decoding=\"async\" width=\"600\" height=\"600\" src=\"https:\/\/kalegalvaniz.com\/wp-content\/uploads\/2017\/10\/team1-600x600-1.jpg\" class=\"img-fluid wp-post-image\" alt=\"\" \/><\/div><!-- .team-thumb --><div class=\"team-info\"><div class=\"team-name\"><p><a href=\"https:\/\/kalegalvaniz.com\/index.php\/team\/shari-weber\/\" class=\"client-name\">Shari Weber<\/a><\/p><\/div><!-- .team-name --><div class=\"team-designation\"><p>Graphic Designer<\/p><\/div><!-- .team-designation --><\/div><!-- .team-info --><div class=\"team-excerpt\"><p>Maecenas nec odio et ante tincidunt tempus. Donec vitae sapien ut libero venenatis.<\/p>\n<\/div><!-- .team-excerpt --><\/div><!-- .team-inner --><\/div><!-- .cols --><\/div><!-- .item --><\/div><!-- .owl-carousel --><\/div><!-- .team-wrapper -->[\/vc_column][\/vc_row]<\/p>\n<\/div>","protected":false},"excerpt":{"rendered":"<p>[vc_row][vc_column offset=&#8221;vc_col-lg-6 vc_col-md-6&#8243;][\/vc_column][vc_column offset=&#8221;vc_col-lg-6 vc_col-md-6&#8243;][vc_single_image image=&#8221;3353&#8243; img_size=&#8221;full&#8221; css=&#8221;&#8221;][\/vc_column][\/vc_row][vc_row][vc_column][\/vc_column][\/vc_row]<\/p>\n","protected":false},"author":1,"featured_media":0,"parent":0,"menu_order":0,"comment_status":"closed","ping_status":"closed","template":"","meta":{"footnotes":""},"class_list":["post-458","page","type-page","status-publish","hentry"],"_links":{"self":[{"href":"https:\/\/kalegalvaniz.com\/index.php\/wp-json\/wp\/v2\/pages\/458","targetHints":{"allow":["GET"]}}],"collection":[{"href":"https:\/\/kalegalvaniz.com\/index.php\/wp-json\/wp\/v2\/pages"}],"about":[{"href":"https:\/\/kalegalvaniz.com\/index.php\/wp-json\/wp\/v2\/types\/page"}],"author":[{"embeddable":true,"href":"https:\/\/kalegalvaniz.com\/index.php\/wp-json\/wp\/v2\/users\/1"}],"replies":[{"embeddable":true,"href":"https:\/\/kalegalvaniz.com\/index.php\/wp-json\/wp\/v2\/comments?post=458"}],"version-history":[{"count":4,"href":"https:\/\/kalegalvaniz.com\/index.php\/wp-json\/wp\/v2\/pages\/458\/revisions"}],"predecessor-version":[{"id":3394,"href":"https:\/\/kalegalvaniz.com\/index.php\/wp-json\/wp\/v2\/pages\/458\/revisions\/3394"}],"wp:attachment":[{"href":"https:\/\/kalegalvaniz.com\/index.php\/wp-json\/wp\/v2\/media?parent=458"}],"curies":[{"name":"wp","href":"https:\/\/api.w.org\/{rel}","templated":true}]}}