{"id":1191,"date":"2017-11-02T06:16:40","date_gmt":"2017-11-02T06:16:40","guid":{"rendered":"http:\/\/demo.zozothemes.com\/induzy\/?page_id=1191"},"modified":"2017-11-02T06:16:40","modified_gmt":"2017-11-02T06:16:40","slug":"blog-classic","status":"publish","type":"page","link":"https:\/\/kalegalvaniz.com\/index.php\/blog-classic\/","title":{"rendered":"Blog Classic"},"content":{"rendered":"<div class=\"wpb-content-wrapper\"><p>[vc_row css=&#8221;.vc_custom_1508750640220{padding-top: 0px !important;padding-bottom: 0px !important;}&#8221;][vc_column]<div class=\"blog-wrapper blog-style-1 blog-light\" data-css=\"&quot;&quot;\"><div class=\"row\"><div class=\"col-lg-12 col-md-12\"><div class=\"blog-inner\"><div class=\"entry-title\"><h3><a href=\"https:\/\/kalegalvaniz.com\/index.php\/2024\/07\/15\/galvanizleme-yontemleri\/\" class=\"post-title\">Galvanizleme Y\u00f6ntemleri<\/a><\/h3><\/div><!-- .entry-title --><div class=\"top-meta clearfix\"><ul class=\"top-meta-list\"><li><div class=\"post-author\"><a href=\"https:\/\/kalegalvaniz.com\/index.php\/author\/admin\/\"><span class=\"author-img\"><img alt='' src='https:\/\/secure.gravatar.com\/avatar\/f2baf74f9aa1c6c546cfa086ac62c239677fd8922956e20ef68d4ebe67887ee2?s=30&#038;d=mm&#038;r=g' srcset='https:\/\/secure.gravatar.com\/avatar\/f2baf74f9aa1c6c546cfa086ac62c239677fd8922956e20ef68d4ebe67887ee2?s=60&#038;d=mm&#038;r=g 2x' class='avatar avatar-30 photo rounded-circle' height='30' width='30' \/><\/span><span class=\"author-name\">admin<\/span><\/a><\/div><\/li><li><div class=\"post-date\"><a href=\"https:\/\/kalegalvaniz.com\/index.php\/2024\/07\/15\/\" ><i class=\"icon icon-calendar\"><\/i> 15 Temmuz 2024<\/a><\/div><\/li><li><div class=\"post-comment\"><a href=\"https:\/\/kalegalvaniz.com\/index.php\/2024\/07\/15\/galvanizleme-yontemleri\/#respond\" rel=\"bookmark\" class=\"comments-count\"><i class=\"icon icon-bubbles\"><\/i> 1<\/a><\/div><\/li><\/ul><\/div><div class=\"post-excerpt\"><p>Galvanizin Avantajlar\u0131 Kullan\u0131m Alanlar\u0131 Galvaniz Bak\u0131m\u0131 Galvanizli y\u00fczeylerin bak\u0131m gereksinimi d\u00fc\u015f\u00fckt\u00fcr, ancak kaplaman\u0131n \u00f6mr\u00fcn\u00fc uzatmak i\u00e7in baz\u0131 \u00f6nlemler al\u0131nabilir: Galvaniz, \u00f6zellikle d\u0131\u015f ortamlarda kullan\u0131lan metal \u00fcr\u00fcnlerin \u00f6mr\u00fcn\u00fc uzatmak ve dayan\u0131kl\u0131l\u0131\u011f\u0131n\u0131 art\u0131rmak i\u00e7in etkili bir y\u00f6ntemdir. \u00c7inko kaplama, metalleri korozyondan koruyarak uzun s\u00fcreli ve g\u00fcvenilir bir kullan\u0131m sa\u011flar.<\/p>\n<\/div><!-- .post-excerpt --><div class=\"bottom-meta clearfix\"><ul class=\"bottom-meta-list\"><li><div class=\"post-more\"><a class=\"read-more\" href=\"https:\/\/kalegalvaniz.com\/index.php\/2024\/07\/15\/galvanizleme-yontemleri\/\">Read More<\/a><\/div><\/li><\/ul><\/div><\/div><!-- .blog-inner --><\/div><!-- .cols --><\/div><!-- .row --><\/div><!-- .blog-wrapper -->[\/vc_column][\/vc_row]<\/p>\n<\/div>","protected":false},"excerpt":{"rendered":"<p>[vc_row css=&#8221;.vc_custom_1508750640220{padding-top: 0px !important;padding-bottom: 0px !important;}&#8221;][vc_column][\/vc_column][\/vc_row]<\/p>\n","protected":false},"author":1,"featured_media":0,"parent":0,"menu_order":0,"comment_status":"closed","ping_status":"closed","template":"","meta":{"footnotes":""},"class_list":["post-1191","page","type-page","status-publish","hentry"],"_links":{"self":[{"href":"https:\/\/kalegalvaniz.com\/index.php\/wp-json\/wp\/v2\/pages\/1191","targetHints":{"allow":["GET"]}}],"collection":[{"href":"https:\/\/kalegalvaniz.com\/index.php\/wp-json\/wp\/v2\/pages"}],"about":[{"href":"https:\/\/kalegalvaniz.com\/index.php\/wp-json\/wp\/v2\/types\/page"}],"author":[{"embeddable":true,"href":"https:\/\/kalegalvaniz.com\/index.php\/wp-json\/wp\/v2\/users\/1"}],"replies":[{"embeddable":true,"href":"https:\/\/kalegalvaniz.com\/index.php\/wp-json\/wp\/v2\/comments?post=1191"}],"version-history":[{"count":0,"href":"https:\/\/kalegalvaniz.com\/index.php\/wp-json\/wp\/v2\/pages\/1191\/revisions"}],"wp:attachment":[{"href":"https:\/\/kalegalvaniz.com\/index.php\/wp-json\/wp\/v2\/media?parent=1191"}],"curies":[{"name":"wp","href":"https:\/\/api.w.org\/{rel}","templated":true}]}}